{"id":3,"date":"2025-09-07T15:08:34","date_gmt":"2025-09-07T15:08:34","guid":{"rendered":"http:\/\/eurasiantactical.de\/?page_id=3"},"modified":"2025-11-24T07:41:47","modified_gmt":"2025-11-24T07:41:47","slug":"impressum-legal-notice","status":"publish","type":"page","link":"https:\/\/www.eurasiantactical.de\/?page_id=3","title":{"rendered":"Legal Notice"},"content":{"rendered":"\n<h3 class=\"wp-block-heading\">G\u00f6cer UG (haftungsbeschr\u00e4nkt)<br>Arthur-Winkler-Stra\u00dfe 61<br>04319 Leipzig \/ Germany<\/h3>\n\n\n\n<p>represented by Dr. Ms. \u00d6zg\u00fcl G\u00f6cer<br>Handelsregister: HRB 17148<br>Registergericht: Amtsgericht Bad Homburg v. d. H\u00f6he<br>VAT ID: DE457160421<\/p>\n\n\n\n<p>Tel: +49 (0) 152 56127451<br>E-Mail: oezguel.goecer@eurasiantactical.de<br><br>Consumer dispute resolution \/ universal arbitration board:<br>We are not willing or obliged to participate in dispute resolution proceedings before a consumer arbitration board.<\/p>\n\n\n\n<p>Regarding private stocks investment options, please contact<br>Dr. Mr. \u00d6zg\u00fcr G\u00f6cer: stocks@eurasiantactical.de<\/p>\n","protected":false},"excerpt":{"rendered":"<p>G\u00f6cer UG (haftungsbeschr\u00e4nkt)Arthur-Winkler-Stra\u00dfe 6104319 Leipzig \/ Germany represented by Dr. Ms. \u00d6zg\u00fcl G\u00f6cerHandelsregister: HRB 17148Registergericht: Amtsgericht Bad Homburg v. d. H\u00f6heVAT ID: DE457160421 Tel: +49 (0) 152 56127451E-Mail: oezguel.goecer@eurasiantactical.de Consumer dispute resolution \/ universal arbitration board:We are not willing or obliged to participate in dispute resolution proceedings before a consumer arbitration board. Regarding private stocks [&hellip;]<\/p>\n","protected":false},"author":1,"featured_media":0,"parent":0,"menu_order":0,"comment_status":"closed","ping_status":"closed","template":"","meta":{"footnotes":""},"class_list":["post-3","page","type-page","status-publish","hentry"],"_links":{"self":[{"href":"https:\/\/www.eurasiantactical.de\/index.php?rest_route=\/wp\/v2\/pages\/3","targetHints":{"allow":["GET"]}}],"collection":[{"href":"https:\/\/www.eurasiantactical.de\/index.php?rest_route=\/wp\/v2\/pages"}],"about":[{"href":"https:\/\/www.eurasiantactical.de\/index.php?rest_route=\/wp\/v2\/types\/page"}],"author":[{"embeddable":true,"href":"https:\/\/www.eurasiantactical.de\/index.php?rest_route=\/wp\/v2\/users\/1"}],"replies":[{"embeddable":true,"href":"https:\/\/www.eurasiantactical.de\/index.php?rest_route=%2Fwp%2Fv2%2Fcomments&post=3"}],"version-history":[{"count":10,"href":"https:\/\/www.eurasiantactical.de\/index.php?rest_route=\/wp\/v2\/pages\/3\/revisions"}],"predecessor-version":[{"id":66,"href":"https:\/\/www.eurasiantactical.de\/index.php?rest_route=\/wp\/v2\/pages\/3\/revisions\/66"}],"wp:attachment":[{"href":"https:\/\/www.eurasiantactical.de\/index.php?rest_route=%2Fwp%2Fv2%2Fmedia&parent=3"}],"curies":[{"name":"wp","href":"https:\/\/api.w.org\/{rel}","templated":true}]}}